{"id":64,"date":"2023-03-01T10:55:01","date_gmt":"2023-03-01T09:55:01","guid":{"rendered":"https:\/\/www.mallorcaowners.com\/?page_id=64"},"modified":"2023-11-05T17:42:54","modified_gmt":"2023-11-05T16:42:54","slug":"accesibilidad","status":"publish","type":"page","link":"https:\/\/www.mallorcaowners.com\/en\/accesibilidad\/","title":{"rendered":"Accessibility"},"content":{"rendered":"<p>Nos hemos comprometido a proporcionar en nuestro sitio web una experiencia totalmente accesible para todos los usuarios, incluidos aquellos que dependen de tecnolog\u00edas de asistencia como lectores de pantalla, software de ampliaci\u00f3n de pantalla y dispositivos de entrada de teclado alternativos para navegar por la web, de conformidad con el <a class=\"ext\" href=\"https:\/\/www.boe.es\/diario_boe\/txt.php?id=BOE-A-2018-12699\" target=\"_blank\" rel=\"noopener noreferrer\" data-extlink=\"\">Real Decreto 1112\/2018, de 7 de septiembre, sobre accesibilidad de los sitios web y aplicaciones para dispositivos m\u00f3viles del sector p\u00fablico.<\/a><\/p>\n<p>La presente declaraci\u00f3n de accesibilidad se aplica al sitio web: <strong>www.mallorcaowners.com<\/strong><\/p>\n<h2 class=\"h2_title_underlined\">Situaci\u00f3n de cumplimiento<\/h2>\n<p>Este sitio web es parcialmente conforme con el RD 1112\/2018 debido a las excepciones y a la falta de conformidad de los aspectos que se indican en el siguiente punto.<\/p>\n<h2 class=\"h2_title_underlined\">Contenido no accesible<\/h2>\n<p>El contenido que se recoge a continuaci\u00f3n no es accesible por lo siguiente:<\/p>\n<h3 style=\"padding-left: 40px;\">Falta de conformidad con el RD 1112\/2018<\/h3>\n<p style=\"padding-left: 40px;\">Podr\u00edan existir documentos ofim\u00e1ticos en PDF y otros formatos publicados posteriormente al 20 de septiembre de 2018 que no cumplan en su totalidad los requisitos de accesibilidad. Se pueden solicitar los documentos completamente accesibles desde el formulario de contacto para formalizar quejas y consultas.<\/p>\n<p style=\"padding-left: 40px;\">Podr\u00edan existir errores de c\u00f3digo puntuales de edici\u00f3n en alguna p\u00e1gina web. [4.1.1 Procesamiento]<\/p>\n<h3 style=\"padding-left: 40px;\">El contenido no entra dentro del \u00e1mbito de la legislaci\u00f3n aplicable<\/h3>\n<p style=\"padding-left: 40px;\">Podr\u00edan existir archivos ofim\u00e1ticos en PDF u otros formatos publicados antes del 20 de septiembre de 2018 que no cumplan en su totalidad todos los requisitos de accesibilidad. Aunque se ha procurado que la mayor\u00eda de ellos s\u00ed lo cumplan.<\/p>\n<h2 class=\"h2_title_underlined\">Contenido opcional<\/h2>\n<p>Este sitio web est\u00e1 dise\u00f1ado para poder cambiar el tama\u00f1o del texto y el color, as\u00ed como el fondo de la p\u00e1gina mediante las opciones de configuraci\u00f3n est\u00e1ndar de los navegadores.<\/p>\n<p>Si desea cambiar el tama\u00f1o de letra del texto en los principales navegadores gr\u00e1ficos utilice los siguientes men\u00fas:<\/p>\n<ul>\n<li>Internet Explorer, Mozilla y Firefox: Ver &gt; Tama\u00f1o del texto<\/li>\n<li>Opera: Ver &gt; Zoom<\/li>\n<li>Safari: Ver &gt; Hacer el texto m\u00e1s grande<\/li>\n<li>Chrome: Controla la p\u00e1gina actual &gt; Tama\u00f1o del texto<\/li>\n<li>Para modificar el tama\u00f1o de todo en la p\u00e1gina:\n<ul>\n<li>Ctrl + + para aumentarlo<\/li>\n<li>Ctrl + &#8211; para disminuirlo<\/li>\n<li>Ctrl + 0 restaura el tama\u00f1o original del texto<\/li>\n<li>Si lo que quiere es anular la hoja de estilos o modificar el color del texto, puede consultar la p\u00e1gina <span lang=\"en\">How to Change Text Size or Colors de la WAI<\/span>, que se puede leer traducida al espa\u00f1ol en \u00bfC\u00f3mo cambiar el tama\u00f1o del texto o colores?<\/li>\n<\/ul>\n<\/li>\n<\/ul>\n<h2>Funciones de accesibilidad en nuestro sitio web<\/h2>\n<p>Mediante el plugin \u00abOne Click Accessibility\u00bb hemos incorporado las siguientes herramientas para mejorar la accesibilidad:<\/p>\n<ul>\n<li>Cambiar el tama\u00f1o de la fuente (aumentar\/disminuir)<\/li>\n<li>Escala de grises<\/li>\n<li>Contraste negativo<\/li>\n<li>Alto contraste<\/li>\n<li>Fondo claro<\/li>\n<li>Subrayado de enlaces<\/li>\n<li>Fuente legible<\/li>\n<li>Enlace al mapa del sitio\/comentarios\/p\u00e1ginas de ayuda<\/li>\n<li>Habilitar saltar al contenido<\/li>\n<li>A\u00f1adir foco de esquema para elementos enfocables<\/li>\n<li>Eliminar el atributo de destino de los enlaces<\/li>\n<li>Agregar roles de referencia a todos los enlaces<\/li>\n<li>Personalizador para ajuste de estilo<\/li>\n<\/ul>\n<h2>D\u00f3nde estamos mejorando<\/h2>\n<p>Esto es parte de nuestro esfuerzo m\u00e1s amplio para hacer que la experiencia de todos en NG Consulting sea acogedora y agradable. Tenga en cuenta que si bien hacemos todo lo posible para proporcionar informaci\u00f3n accesible para todos los usuarios, no podemos garantizar la accesibilidad de los sitios web de terceros a los que podemos vincularnos.<\/p>\n<h2>Contacto de soporte de accesibilidad<\/h2>\n<p>Damos la bienvenida a comentarios, preguntas y comentarios sobre nuestro sitio web. Si est\u00e1 utilizando tecnolog\u00edas de asistencia y tiene dificultades para usar nuestro sitio web, env\u00ede un correo electr\u00f3nico a <strong>info@mallorcaowners.com<\/strong>. Haremos todo lo posible para ayudar y resolver los problemas.<\/p>\n","protected":false},"excerpt":{"rendered":"<p>Nos hemos comprometido a proporcionar en nuestro sitio web una experiencia totalmente accesible para todos los usuarios, incluidos aquellos que dependen de tecnolog\u00edas de asistencia como lectores de pantalla, software de ampliaci\u00f3n de pantalla y dispositivos de entrada de teclado alternativos para navegar por la web, de conformidad con el Real Decreto 1112\/2018, de 7 [&hellip;]<\/p>\n","protected":false},"author":1,"featured_media":0,"parent":0,"menu_order":9,"comment_status":"closed","ping_status":"closed","template":"","meta":{"_joinchat":[],"footnotes":""},"class_list":["post-64","page","type-page","status-publish","hentry"],"yoast_head":"<!-- This site is optimized with the Yoast SEO plugin v27.2 - https:\/\/yoast.com\/product\/yoast-seo-wordpress\/ -->\n<title>Accesibilidad - Mallorca Owners<\/title>\n<meta name=\"description\" content=\"Declaraci\u00f3n de accesibilidad de Mallorca Owners\" \/>\n<meta name=\"robots\" content=\"index, follow, max-snippet:-1, max-image-preview:large, max-video-preview:-1\" \/>\n<link rel=\"canonical\" href=\"https:\/\/www.mallorcaowners.com\/en\/accesibilidad\/\" \/>\n<meta property=\"og:locale\" content=\"en_US\" \/>\n<meta property=\"og:type\" content=\"article\" \/>\n<meta property=\"og:title\" content=\"Accesibilidad - Mallorca Owners\" \/>\n<meta property=\"og:description\" content=\"Declaraci\u00f3n de accesibilidad de Mallorca Owners\" \/>\n<meta property=\"og:url\" content=\"https:\/\/www.mallorcaowners.com\/en\/accesibilidad\/\" \/>\n<meta property=\"og:site_name\" content=\"Mallorca Owners\" \/>\n<meta property=\"article:modified_time\" content=\"2023-11-05T16:42:54+00:00\" \/>\n<meta name=\"twitter:card\" content=\"summary_large_image\" \/>\n<script type=\"application\/ld+json\" class=\"yoast-schema-graph\">{\"@context\":\"https:\/\/schema.org\",\"@graph\":[{\"@type\":\"WebPage\",\"@id\":\"https:\/\/www.mallorcaowners.com\/accesibilidad\/\",\"url\":\"https:\/\/www.mallorcaowners.com\/accesibilidad\/\",\"name\":\"Accesibilidad - Mallorca Owners\",\"isPartOf\":{\"@id\":\"https:\/\/www.mallorcaowners.com\/#website\"},\"datePublished\":\"2023-03-01T09:55:01+00:00\",\"dateModified\":\"2023-11-05T16:42:54+00:00\",\"description\":\"Declaraci\u00f3n de accesibilidad de Mallorca Owners\",\"breadcrumb\":{\"@id\":\"https:\/\/www.mallorcaowners.com\/accesibilidad\/#breadcrumb\"},\"inLanguage\":\"en-US\",\"potentialAction\":[{\"@type\":\"ReadAction\",\"target\":[\"https:\/\/www.mallorcaowners.com\/accesibilidad\/\"]}]},{\"@type\":\"BreadcrumbList\",\"@id\":\"https:\/\/www.mallorcaowners.com\/accesibilidad\/#breadcrumb\",\"itemListElement\":[{\"@type\":\"ListItem\",\"position\":1,\"name\":\"Inicio\",\"item\":\"https:\/\/www.mallorcaowners.com\/\"},{\"@type\":\"ListItem\",\"position\":2,\"name\":\"Accesibilidad\"}]},{\"@type\":\"WebSite\",\"@id\":\"https:\/\/www.mallorcaowners.com\/#website\",\"url\":\"https:\/\/www.mallorcaowners.com\/\",\"name\":\"Mallorca Owners\",\"description\":\"Maximiza la rentabilidad de tus propiedades con nuestra asesor\u00eda especializada\",\"publisher\":{\"@id\":\"https:\/\/www.mallorcaowners.com\/#organization\"},\"potentialAction\":[{\"@type\":\"SearchAction\",\"target\":{\"@type\":\"EntryPoint\",\"urlTemplate\":\"https:\/\/www.mallorcaowners.com\/?s={search_term_string}\"},\"query-input\":{\"@type\":\"PropertyValueSpecification\",\"valueRequired\":true,\"valueName\":\"search_term_string\"}}],\"inLanguage\":\"en-US\"},{\"@type\":\"Organization\",\"@id\":\"https:\/\/www.mallorcaowners.com\/#organization\",\"name\":\"Mallorca Owners\",\"url\":\"https:\/\/www.mallorcaowners.com\/\",\"logo\":{\"@type\":\"ImageObject\",\"inLanguage\":\"en-US\",\"@id\":\"https:\/\/www.mallorcaowners.com\/#\/schema\/logo\/image\/\",\"url\":\"https:\/\/www.mallorcaowners.com\/wp-content\/uploads\/2025\/10\/logo-2.png\",\"contentUrl\":\"https:\/\/www.mallorcaowners.com\/wp-content\/uploads\/2025\/10\/logo-2.png\",\"width\":1226,\"height\":1140,\"caption\":\"Mallorca Owners\"},\"image\":{\"@id\":\"https:\/\/www.mallorcaowners.com\/#\/schema\/logo\/image\/\"}}]}<\/script>\n<!-- \/ Yoast SEO plugin. -->","yoast_head_json":{"title":"Accessibility - Mallorca Owners","description":"Mallorca Owners Accessibility Statement","robots":{"index":"index","follow":"follow","max-snippet":"max-snippet:-1","max-image-preview":"max-image-preview:large","max-video-preview":"max-video-preview:-1"},"canonical":"https:\/\/www.mallorcaowners.com\/en\/accesibilidad\/","og_locale":"en_US","og_type":"article","og_title":"Accesibilidad - Mallorca Owners","og_description":"Declaraci\u00f3n de accesibilidad de Mallorca Owners","og_url":"https:\/\/www.mallorcaowners.com\/en\/accesibilidad\/","og_site_name":"Mallorca Owners","article_modified_time":"2023-11-05T16:42:54+00:00","twitter_card":"summary_large_image","schema":{"@context":"https:\/\/schema.org","@graph":[{"@type":"WebPage","@id":"https:\/\/www.mallorcaowners.com\/accesibilidad\/","url":"https:\/\/www.mallorcaowners.com\/accesibilidad\/","name":"Accessibility - Mallorca Owners","isPartOf":{"@id":"https:\/\/www.mallorcaowners.com\/#website"},"datePublished":"2023-03-01T09:55:01+00:00","dateModified":"2023-11-05T16:42:54+00:00","description":"Mallorca Owners Accessibility Statement","breadcrumb":{"@id":"https:\/\/www.mallorcaowners.com\/accesibilidad\/#breadcrumb"},"inLanguage":"en-US","potentialAction":[{"@type":"ReadAction","target":["https:\/\/www.mallorcaowners.com\/accesibilidad\/"]}]},{"@type":"BreadcrumbList","@id":"https:\/\/www.mallorcaowners.com\/accesibilidad\/#breadcrumb","itemListElement":[{"@type":"ListItem","position":1,"name":"Inicio","item":"https:\/\/www.mallorcaowners.com\/"},{"@type":"ListItem","position":2,"name":"Accesibilidad"}]},{"@type":"WebSite","@id":"https:\/\/www.mallorcaowners.com\/#website","url":"https:\/\/www.mallorcaowners.com\/","name":"Mallorca Owners","description":"Maximize the profitability of your properties with our specialized advice","publisher":{"@id":"https:\/\/www.mallorcaowners.com\/#organization"},"potentialAction":[{"@type":"SearchAction","target":{"@type":"EntryPoint","urlTemplate":"https:\/\/www.mallorcaowners.com\/?s={search_term_string}"},"query-input":{"@type":"PropertyValueSpecification","valueRequired":true,"valueName":"search_term_string"}}],"inLanguage":"en-US"},{"@type":"Organization","@id":"https:\/\/www.mallorcaowners.com\/#organization","name":"Mallorca Owners","url":"https:\/\/www.mallorcaowners.com\/","logo":{"@type":"ImageObject","inLanguage":"en-US","@id":"https:\/\/www.mallorcaowners.com\/#\/schema\/logo\/image\/","url":"https:\/\/www.mallorcaowners.com\/wp-content\/uploads\/2025\/10\/logo-2.png","contentUrl":"https:\/\/www.mallorcaowners.com\/wp-content\/uploads\/2025\/10\/logo-2.png","width":1226,"height":1140,"caption":"Mallorca Owners"},"image":{"@id":"https:\/\/www.mallorcaowners.com\/#\/schema\/logo\/image\/"}}]}},"_links":{"self":[{"href":"https:\/\/www.mallorcaowners.com\/en\/wp-json\/wp\/v2\/pages\/64","targetHints":{"allow":["GET"]}}],"collection":[{"href":"https:\/\/www.mallorcaowners.com\/en\/wp-json\/wp\/v2\/pages"}],"about":[{"href":"https:\/\/www.mallorcaowners.com\/en\/wp-json\/wp\/v2\/types\/page"}],"author":[{"embeddable":true,"href":"https:\/\/www.mallorcaowners.com\/en\/wp-json\/wp\/v2\/users\/1"}],"replies":[{"embeddable":true,"href":"https:\/\/www.mallorcaowners.com\/en\/wp-json\/wp\/v2\/comments?post=64"}],"version-history":[{"count":1,"href":"https:\/\/www.mallorcaowners.com\/en\/wp-json\/wp\/v2\/pages\/64\/revisions"}],"predecessor-version":[{"id":399,"href":"https:\/\/www.mallorcaowners.com\/en\/wp-json\/wp\/v2\/pages\/64\/revisions\/399"}],"wp:attachment":[{"href":"https:\/\/www.mallorcaowners.com\/en\/wp-json\/wp\/v2\/media?parent=64"}],"curies":[{"name":"wp","href":"https:\/\/api.w.org\/{rel}","templated":true}]}}